{"id":227,"date":"2023-06-07T21:25:04","date_gmt":"2023-06-07T21:25:04","guid":{"rendered":"http:\/\/sweat-and-tears.local\/?page_id=227"},"modified":"2025-03-09T08:27:56","modified_gmt":"2025-03-09T06:27:56","slug":"past-events","status":"publish","type":"page","link":"https:\/\/www.sweatandtears.fi\/fi\/past-events\/","title":{"rendered":"Menneet tapahtumat"},"content":{"rendered":"<p><em>Hiki ja kyyneleet (Sweat &amp; Tears)<\/em> on transihmisten j\u00e4rjest\u00e4m\u00e4 saunakokoontuminen transihmisille ja heid\u00e4n yst\u00e4villeen. Sarjan k\u00e4ynnistiv\u00e4t kuraattori Orlan Ohtonen, taiteilija Ignata Elana ja Kulttuurisauna vuonna 2022. Tavoitteena on kehitt\u00e4\u00e4 Kulttuurisaunan tiloja ja tehd\u00e4 saunasta turvallisempi ja saavutettavampi transihmisille, jotka usein j\u00e4\u00e4v\u00e4t yhteisten, kollektiivisten ja julkisten saunatilojen ulkopuolelle. Vuonna 2023 j\u00e4rjest\u00e4jiin liittyiv\u00e4t Kaura Raudaskoski ja Maru Paavola sek\u00e4 vuonna 2024 Jemina Vainikka Lindholm, P\u00e4\u00e4sky, Mattias Koli ja Eljas.<\/p>\n\n\n\n<h2 class=\"wp-block-heading\">Menneet tapahtumat<\/h2>\n\n\n\n<div class=\"wp-block-query past-query is-layout-flow wp-block-query-is-layout-flow\"><ul class=\"columns-2 wp-block-post-template is-layout-grid wp-container-core-post-template-is-layout-17361a50 wp-block-post-template-is-layout-grid\"><li class=\"wp-block-post post-587 post type-post status-publish format-standard has-post-thumbnail hentry category-events category-past-events\">\n<h3 class=\"wp-block-post-title\"><a href=\"https:\/\/www.sweatandtears.fi\/fi\/sweat-and-tears-march-2026\/\" target=\"_self\" >Sweat And Tears \/ March 2026<\/a><\/h3>\n\n<div class=\"wp-block-post-excerpt\"><p class=\"wp-block-post-excerpt__excerpt\">30.3.2026 @ Kulttuurisauna 17\u201321 (Helsinki, FI) <\/p><\/div>\n<\/li><li class=\"wp-block-post post-560 post type-post status-publish format-standard has-post-thumbnail hentry category-events category-past-events\">\n<h3 class=\"wp-block-post-title\"><a href=\"https:\/\/www.sweatandtears.fi\/fi\/sweat-and-tears-november-2025-2\/\" target=\"_self\" >Sweat And Tears \/ November 2025<\/a><\/h3>\n\n<div class=\"wp-block-post-excerpt\"><p class=\"wp-block-post-excerpt__excerpt\">17.11.2025 @ Kulttuurisauna 17\u201321 (Helsinki, FI) <\/p><\/div>\n<\/li><li class=\"wp-block-post post-507 post type-post status-publish format-standard has-post-thumbnail hentry category-events category-past-events\">\n<h3 class=\"wp-block-post-title\"><a href=\"https:\/\/www.sweatandtears.fi\/fi\/sweat-and-tears-june-2025\/\" target=\"_self\" >Sweat And Tears \/ June 2025<\/a><\/h3>\n\n<div class=\"wp-block-post-excerpt\"><p class=\"wp-block-post-excerpt__excerpt\">30.6.2025 @ Kulttuurisauna 16\u201321 (Helsinki, FI) <\/p><\/div>\n<\/li><li class=\"wp-block-post post-448 post type-post status-publish format-standard has-post-thumbnail hentry category-events category-past-events\">\n<h3 class=\"wp-block-post-title\"><a href=\"https:\/\/www.sweatandtears.fi\/fi\/sweat-and-tears-november-2025\/\" target=\"_self\" >Sweat And Tears \/ March 2025<\/a><\/h3>\n\n<div class=\"wp-block-post-excerpt\"><p class=\"wp-block-post-excerpt__excerpt\">31.3.2025 16\u201320 @ Kulttuurisauna (Helsinki, FI) <\/p><\/div>\n<\/li><li class=\"wp-block-post post-406 post type-post status-publish format-standard has-post-thumbnail hentry category-events category-past-events\">\n<h3 class=\"wp-block-post-title\"><a href=\"https:\/\/www.sweatandtears.fi\/fi\/sweat-and-tears-november-2024\/\" target=\"_self\" >Hiki ja kyyneleet \/ marraskuu 2024<\/a><\/h3>\n\n<div class=\"wp-block-post-excerpt\"><p class=\"wp-block-post-excerpt__excerpt\">18.11.2024 16\u201320 @ Kulttuurisauna (Helsinki, FI) <\/p><\/div>\n<\/li><li class=\"wp-block-post post-346 post type-post status-publish format-standard has-post-thumbnail hentry category-events category-past-events\">\n<h3 class=\"wp-block-post-title\"><a href=\"https:\/\/www.sweatandtears.fi\/fi\/sweat-and-tears-2024\/\" target=\"_self\" >Hiki ja kyyneleet 2024<\/a><\/h3>\n\n<div class=\"wp-block-post-excerpt\"><p class=\"wp-block-post-excerpt__excerpt\">15.7.2024 16\u201321 @ Kulttuurisauna (Helsinki, FI) <\/p><\/div>\n<\/li><li class=\"wp-block-post post-191 post type-post status-publish format-standard has-post-thumbnail hentry category-events category-past-events\">\n<h3 class=\"wp-block-post-title\"><a href=\"https:\/\/www.sweatandtears.fi\/fi\/sweat-and-tears-3\/\" target=\"_self\" >Hiki ja kyyneleet 3<\/a><\/h3>\n\n<div class=\"wp-block-post-excerpt\"><p class=\"wp-block-post-excerpt__excerpt\">26.6.2023 17\u201322 @ Kulttuurisauna (Helsinki, FI) <\/p><\/div>\n<\/li><li class=\"wp-block-post post-136 post type-post status-publish format-standard hentry category-events category-past-events\">\n<h3 class=\"wp-block-post-title\"><a href=\"https:\/\/www.sweatandtears.fi\/fi\/sweat-tears-2\/\" target=\"_self\" >Sweat &#038; Tears 2<\/a><\/h3>\n\n<div class=\"wp-block-post-excerpt\"><p class=\"wp-block-post-excerpt__excerpt\">28.11.2022 17\u201321 @ Kulttuurisauna (Helsinki, FI) <\/p><\/div>\n<\/li><li class=\"wp-block-post post-131 post type-post status-publish format-standard hentry category-events category-past-events\">\n<h3 class=\"wp-block-post-title\"><a href=\"https:\/\/www.sweatandtears.fi\/fi\/sweat-tears-1\/\" target=\"_self\" >Hiki ja kyyneleet<\/a><\/h3>\n\n<div class=\"wp-block-post-excerpt\"><p class=\"wp-block-post-excerpt__excerpt\">11.7.2022 16\u201321 @ Kulttuurisauna (Helsinki, FI) <\/p><\/div>\n<\/li><\/ul>\n\n\n\n<\/div>","protected":false},"excerpt":{"rendered":"<p>Hiki ja kyyneleet (Sweat &amp; Tears) on transihmisten j\u00e4rjest\u00e4m\u00e4 saunakokoontuminen transihmisille ja heid\u00e4n yst\u00e4villeen. Sarjan k\u00e4ynnistiv\u00e4t kuraattori Orlan Ohtonen, taiteilija Ignata Elana ja Kulttuurisauna vuonna 2022. Tavoitteena on kehitt\u00e4\u00e4 Kulttuurisaunan tiloja ja tehd\u00e4 saunasta turvallisempi ja saavutettavampi transihmisille, jotka usein j\u00e4\u00e4v\u00e4t yhteisten, kollektiivisten ja julkisten saunatilojen ulkopuolelle. Vuonna 2023 j\u00e4rjest\u00e4jiin liittyiv\u00e4t Kaura Raudaskoski ja Maru&#8230;<\/p>","protected":false},"author":1,"featured_media":0,"parent":0,"menu_order":0,"comment_status":"closed","ping_status":"closed","template":"","meta":{"_kad_blocks_custom_css":"","_kad_blocks_head_custom_js":"","_kad_blocks_body_custom_js":"","_kad_blocks_footer_custom_js":"","_kad_post_transparent":"","_kad_post_title":"","_kad_post_layout":"","_kad_post_sidebar_id":"","_kad_post_content_style":"","_kad_post_vertical_padding":"","_kad_post_feature":"","_kad_post_feature_position":"","_kad_post_header":false,"_kad_post_footer":false,"_kad_post_classname":"","footnotes":""},"class_list":["post-227","page","type-page","status-publish","hentry"],"taxonomy_info":[],"featured_image_src_large":false,"author_info":{"display_name":"Kaura","author_link":"https:\/\/www.sweatandtears.fi\/fi\/author\/kaura\/"},"comment_info":0,"_links":{"self":[{"href":"https:\/\/www.sweatandtears.fi\/fi\/wp-json\/wp\/v2\/pages\/227","targetHints":{"allow":["GET"]}}],"collection":[{"href":"https:\/\/www.sweatandtears.fi\/fi\/wp-json\/wp\/v2\/pages"}],"about":[{"href":"https:\/\/www.sweatandtears.fi\/fi\/wp-json\/wp\/v2\/types\/page"}],"author":[{"embeddable":true,"href":"https:\/\/www.sweatandtears.fi\/fi\/wp-json\/wp\/v2\/users\/1"}],"replies":[{"embeddable":true,"href":"https:\/\/www.sweatandtears.fi\/fi\/wp-json\/wp\/v2\/comments?post=227"}],"version-history":[{"count":7,"href":"https:\/\/www.sweatandtears.fi\/fi\/wp-json\/wp\/v2\/pages\/227\/revisions"}],"predecessor-version":[{"id":468,"href":"https:\/\/www.sweatandtears.fi\/fi\/wp-json\/wp\/v2\/pages\/227\/revisions\/468"}],"wp:attachment":[{"href":"https:\/\/www.sweatandtears.fi\/fi\/wp-json\/wp\/v2\/media?parent=227"}],"curies":[{"name":"wp","href":"https:\/\/api.w.org\/{rel}","templated":true}]}}