{"id":32,"date":"2023-05-26T12:22:15","date_gmt":"2023-05-26T09:22:15","guid":{"rendered":"https:\/\/sweatandtearssauna.wordpress.com\/sample-page\/"},"modified":"2026-02-15T18:57:09","modified_gmt":"2026-02-15T16:57:09","slug":"sample-page-2","status":"publish","type":"page","link":"https:\/\/www.sweatandtears.fi\/fi\/","title":{"rendered":"Hiki ja kyyneleet"},"content":{"rendered":"<p class=\"has-text-align-left\"><em>Hiki ja kyyneleet (Sweat &amp; Tears)<\/em> on transihmisten j\u00e4rjest\u00e4m\u00e4 saunakokoontumisten sarja transihmisille ja heid\u00e4n yst\u00e4villeen. Saunakokoontumiset ovat illanviettoja, joihin sis\u00e4ltyy turvallisempaa kehollisuutta, hoivaa ja yhteis\u00f6llisyytt\u00e4, musiikkia, saunomista sek\u00e4 uimista, rentoutumista ja j\u00e4nnitteiden purkamista meress\u00e4.<\/p>\n\n\n\n<div style=\"height:30px\" aria-hidden=\"true\" class=\"wp-block-spacer\"><\/div>\n\n\n\n<p class=\"has-text-align-center\">Seuraa meit\u00e4 Instagramissa: <a href=\"https:\/\/www.instagram.com\/sweatandtearssauna\">@sweatandtearssauna<\/a><\/p>\n\n\n\n<div style=\"height:30px\" aria-hidden=\"true\" class=\"wp-block-spacer\"><\/div>\n\n\n\n<h2 class=\"wp-block-heading has-text-align-center\">Tulevat tapahtumat<\/h2>\n\n\n\n<div class=\"wp-block-query upcoming-query is-layout-flow wp-block-query-is-layout-flow\"><ul class=\"wp-block-post-template is-layout-flow wp-block-post-template-is-layout-flow\"><li class=\"wp-block-post post-607 post type-post status-publish format-standard has-post-thumbnail hentry category-events category-upcoming-events\">\n<h3 class=\"has-text-align-center wp-block-post-title\">Sweat And Tears \/ June 2026<\/h3>\n\n<div class=\"has-text-align-center wp-block-post-excerpt\"><p class=\"wp-block-post-excerpt__excerpt\">29.6.2026 @ Kulttuurisauna 17\u201321 (Helsinki, FI)<\/p><p class=\"wp-block-post-excerpt__more-text\"><a class=\"wp-block-post-excerpt__more-link\" href=\"https:\/\/www.sweatandtears.fi\/fi\/sweat-and-tears-june-2026\/\">Lue lis\u00e4\u00e4<\/a><\/p><\/div>\n\n\n<p><\/p>\n\n\n<figure class=\"wp-block-post-featured-image\"><a href=\"https:\/\/www.sweatandtears.fi\/fi\/sweat-and-tears-june-2026\/\" target=\"_self\"  ><img loading=\"lazy\" decoding=\"async\" width=\"1200\" height=\"1200\" src=\"https:\/\/www.sweatandtears.fi\/wp-content\/uploads\/2026\/01\/WhatsApp-Image-2026-03-30-at-17.48.58.jpeg\" class=\"attachment-post-thumbnail size-post-thumbnail wp-post-image\" alt=\"Sweat And Tears \/ June 2026\" style=\"object-fit:cover;\" srcset=\"https:\/\/www.sweatandtears.fi\/wp-content\/uploads\/2026\/01\/WhatsApp-Image-2026-03-30-at-17.48.58.jpeg 1200w, https:\/\/www.sweatandtears.fi\/wp-content\/uploads\/2026\/01\/WhatsApp-Image-2026-03-30-at-17.48.58-300x300.jpeg 300w, https:\/\/www.sweatandtears.fi\/wp-content\/uploads\/2026\/01\/WhatsApp-Image-2026-03-30-at-17.48.58-1024x1024.jpeg 1024w, https:\/\/www.sweatandtears.fi\/wp-content\/uploads\/2026\/01\/WhatsApp-Image-2026-03-30-at-17.48.58-150x150.jpeg 150w, https:\/\/www.sweatandtears.fi\/wp-content\/uploads\/2026\/01\/WhatsApp-Image-2026-03-30-at-17.48.58-768x768.jpeg 768w, https:\/\/www.sweatandtears.fi\/wp-content\/uploads\/2026\/01\/WhatsApp-Image-2026-03-30-at-17.48.58-12x12.jpeg 12w\" sizes=\"auto, (max-width: 1200px) 100vw, 1200px\" \/><\/a><\/figure>\n<\/li><\/ul>\n\n\n\n<\/div>\n\n\n\n<p><\/p>","protected":false},"excerpt":{"rendered":"<p>Hiki ja kyyneleet (Sweat &amp; Tears) on transihmisten j\u00e4rjest\u00e4m\u00e4 saunakokoontumisten sarja transihmisille ja heid\u00e4n yst\u00e4villeen. Saunakokoontumiset ovat illanviettoja, joihin sis\u00e4ltyy turvallisempaa kehollisuutta, hoivaa ja yhteis\u00f6llisyytt\u00e4, musiikkia, saunomista sek\u00e4 uimista, rentoutumista ja j\u00e4nnitteiden purkamista meress\u00e4. Follow us on Instagram: @sweatandtearssauna Upcoming events<\/p>","protected":false},"author":1,"featured_media":0,"parent":0,"menu_order":0,"comment_status":"closed","ping_status":"open","template":"","meta":{"_kad_blocks_custom_css":"","_kad_blocks_head_custom_js":"","_kad_blocks_body_custom_js":"","_kad_blocks_footer_custom_js":"","_kad_post_transparent":"","_kad_post_title":"","_kad_post_layout":"","_kad_post_sidebar_id":"","_kad_post_content_style":"","_kad_post_vertical_padding":"","_kad_post_feature":"","_kad_post_feature_position":"","_kad_post_header":false,"_kad_post_footer":false,"_kad_post_classname":"","footnotes":""},"class_list":["post-32","page","type-page","status-publish","hentry"],"taxonomy_info":[],"featured_image_src_large":false,"author_info":{"display_name":"Kaura","author_link":"https:\/\/www.sweatandtears.fi\/fi\/author\/kaura\/"},"comment_info":0,"_links":{"self":[{"href":"https:\/\/www.sweatandtears.fi\/fi\/wp-json\/wp\/v2\/pages\/32","targetHints":{"allow":["GET"]}}],"collection":[{"href":"https:\/\/www.sweatandtears.fi\/fi\/wp-json\/wp\/v2\/pages"}],"about":[{"href":"https:\/\/www.sweatandtears.fi\/fi\/wp-json\/wp\/v2\/types\/page"}],"author":[{"embeddable":true,"href":"https:\/\/www.sweatandtears.fi\/fi\/wp-json\/wp\/v2\/users\/1"}],"replies":[{"embeddable":true,"href":"https:\/\/www.sweatandtears.fi\/fi\/wp-json\/wp\/v2\/comments?post=32"}],"version-history":[{"count":13,"href":"https:\/\/www.sweatandtears.fi\/fi\/wp-json\/wp\/v2\/pages\/32\/revisions"}],"predecessor-version":[{"id":596,"href":"https:\/\/www.sweatandtears.fi\/fi\/wp-json\/wp\/v2\/pages\/32\/revisions\/596"}],"wp:attachment":[{"href":"https:\/\/www.sweatandtears.fi\/fi\/wp-json\/wp\/v2\/media?parent=32"}],"curies":[{"name":"wp","href":"https:\/\/api.w.org\/{rel}","templated":true}]}}